{"id":116,"date":"2015-02-26T12:55:51","date_gmt":"2015-02-26T12:55:51","guid":{"rendered":"http:\/\/julusesgabor.hu\/?page_id=116"},"modified":"2015-03-05T11:57:53","modified_gmt":"2015-03-05T11:57:53","slug":"az-elsok","status":"publish","type":"page","link":"http:\/\/julusesgabor.hu\/?page_id=116","title":{"rendered":"Az els\u0151k &#8230;"},"content":{"rendered":"<div id='gallery-1' class='gallery galleryid-116 gallery-columns-3 gallery-size-thumbnail'><figure class='gallery-item'>\n\t\t\t<div class='gallery-icon landscape'>\n\t\t\t\t<a href='http:\/\/julusesgabor.hu\/wp-content\/uploads\/Elso-kozos-kep.jpg'><img width=\"150\" height=\"150\" src=\"http:\/\/julusesgabor.hu\/wp-content\/uploads\/Elso-kozos-kep-150x150.jpg\" class=\"attachment-thumbnail size-thumbnail\" alt=\"\" loading=\"lazy\" aria-describedby=\"gallery-1-137\" \/><\/a>\n\t\t\t<\/div>\n\t\t\t\t<figcaption class='wp-caption-text gallery-caption' id='gallery-1-137'>\n\t\t\t\tEls\u0151 k\u00f6z\u00f6s k\u00e9p\n\t\t\t\t<\/figcaption><\/figure><figure class='gallery-item'>\n\t\t\t<div class='gallery-icon landscape'>\n\t\t\t\t<a href='http:\/\/julusesgabor.hu\/wp-content\/uploads\/Elso-randi.jpg'><img width=\"150\" height=\"150\" src=\"http:\/\/julusesgabor.hu\/wp-content\/uploads\/Elso-randi-150x150.jpg\" class=\"attachment-thumbnail size-thumbnail\" alt=\"\" loading=\"lazy\" aria-describedby=\"gallery-1-138\" \/><\/a>\n\t\t\t<\/div>\n\t\t\t\t<figcaption class='wp-caption-text gallery-caption' id='gallery-1-138'>\n\t\t\t\tEls\u0151 randi\n\t\t\t\t<\/figcaption><\/figure><figure class='gallery-item'>\n\t\t\t<div class='gallery-icon portrait'>\n\t\t\t\t<a href='http:\/\/julusesgabor.hu\/wp-content\/uploads\/Debrecen-az-els\u0151-utaz\u00e1s-e1425482150332.jpg'><img width=\"150\" height=\"150\" src=\"http:\/\/julusesgabor.hu\/wp-content\/uploads\/Debrecen-az-els\u0151-utaz\u00e1s-e1425482150332-150x150.jpg\" class=\"attachment-thumbnail size-thumbnail\" alt=\"\" loading=\"lazy\" aria-describedby=\"gallery-1-128\" \/><\/a>\n\t\t\t<\/div>\n\t\t\t\t<figcaption class='wp-caption-text gallery-caption' id='gallery-1-128'>\n\t\t\t\tEls\u0151 utaz\u00e1s: Debrecen\n\t\t\t\t<\/figcaption><\/figure><figure class='gallery-item'>\n\t\t\t<div class='gallery-icon landscape'>\n\t\t\t\t<a href='http:\/\/julusesgabor.hu\/wp-content\/uploads\/Elso-farsang.jpg'><img width=\"150\" height=\"150\" src=\"http:\/\/julusesgabor.hu\/wp-content\/uploads\/Elso-farsang-150x150.jpg\" class=\"attachment-thumbnail size-thumbnail\" alt=\"\" loading=\"lazy\" aria-describedby=\"gallery-1-129\" \/><\/a>\n\t\t\t<\/div>\n\t\t\t\t<figcaption class='wp-caption-text gallery-caption' id='gallery-1-129'>\n\t\t\t\tEls\u0151 farsang\n\t\t\t\t<\/figcaption><\/figure><figure class='gallery-item'>\n\t\t\t<div class='gallery-icon landscape'>\n\t\t\t\t<a href='http:\/\/julusesgabor.hu\/wp-content\/uploads\/Elso-Horany.jpg'><img width=\"150\" height=\"150\" src=\"http:\/\/julusesgabor.hu\/wp-content\/uploads\/Elso-Horany-150x150.jpg\" class=\"attachment-thumbnail size-thumbnail\" alt=\"\" loading=\"lazy\" aria-describedby=\"gallery-1-130\" \/><\/a>\n\t\t\t<\/div>\n\t\t\t\t<figcaption class='wp-caption-text gallery-caption' id='gallery-1-130'>\n\t\t\t\tEls\u0151 Hor\u00e1ny\n\t\t\t\t<\/figcaption><\/figure><figure class='gallery-item'>\n\t\t\t<div class='gallery-icon landscape'>\n\t\t\t\t<a href='http:\/\/julusesgabor.hu\/wp-content\/uploads\/Els\u0151-Monaco.jpg'><img width=\"150\" height=\"150\" src=\"http:\/\/julusesgabor.hu\/wp-content\/uploads\/Els\u0151-Monaco-150x150.jpg\" class=\"attachment-thumbnail size-thumbnail\" alt=\"\" loading=\"lazy\" aria-describedby=\"gallery-1-132\" \/><\/a>\n\t\t\t<\/div>\n\t\t\t\t<figcaption class='wp-caption-text gallery-caption' id='gallery-1-132'>\n\t\t\t\tEls\u0151 Monaco\n\t\t\t\t<\/figcaption><\/figure><figure class='gallery-item'>\n\t\t\t<div class='gallery-icon portrait'>\n\t\t\t\t<a href='http:\/\/julusesgabor.hu\/wp-content\/uploads\/Els\u0151-s\u00e9ta-a-parkban-e1425482138971.jpg'><img width=\"150\" height=\"150\" src=\"http:\/\/julusesgabor.hu\/wp-content\/uploads\/Els\u0151-s\u00e9ta-a-parkban-e1425482138971-150x150.jpg\" class=\"attachment-thumbnail size-thumbnail\" alt=\"\" loading=\"lazy\" aria-describedby=\"gallery-1-133\" \/><\/a>\n\t\t\t<\/div>\n\t\t\t\t<figcaption class='wp-caption-text gallery-caption' id='gallery-1-133'>\n\t\t\t\tEls\u0151 s\u00e9ta a parkban\n\t\t\t\t<\/figcaption><\/figure><figure class='gallery-item'>\n\t\t\t<div class='gallery-icon landscape'>\n\t\t\t\t<a href='http:\/\/julusesgabor.hu\/wp-content\/uploads\/Els\u0151-sziget.jpg'><img width=\"150\" height=\"150\" src=\"http:\/\/julusesgabor.hu\/wp-content\/uploads\/Els\u0151-sziget-150x150.jpg\" class=\"attachment-thumbnail size-thumbnail\" alt=\"\" loading=\"lazy\" aria-describedby=\"gallery-1-134\" \/><\/a>\n\t\t\t<\/div>\n\t\t\t\t<figcaption class='wp-caption-text gallery-caption' id='gallery-1-134'>\n\t\t\t\tEls\u0151 Sziget\n\t\t\t\t<\/figcaption><\/figure><figure class='gallery-item'>\n\t\t\t<div class='gallery-icon portrait'>\n\t\t\t\t<a href='http:\/\/julusesgabor.hu\/wp-content\/uploads\/Els\u0151-szilveszter-kettesben-e1425482124228.jpg'><img width=\"150\" height=\"150\" src=\"http:\/\/julusesgabor.hu\/wp-content\/uploads\/Els\u0151-szilveszter-kettesben-e1425482124228-150x150.jpg\" class=\"attachment-thumbnail size-thumbnail\" alt=\"\" loading=\"lazy\" aria-describedby=\"gallery-1-135\" \/><\/a>\n\t\t\t<\/div>\n\t\t\t\t<figcaption class='wp-caption-text gallery-caption' id='gallery-1-135'>\n\t\t\t\tEls\u0151 szilveszter kettesben\n\t\t\t\t<\/figcaption><\/figure><figure class='gallery-item'>\n\t\t\t<div class='gallery-icon landscape'>\n\t\t\t\t<a href='http:\/\/julusesgabor.hu\/wp-content\/uploads\/Esl\u0151-sz\u00ednh\u00e1z.jpg'><img width=\"150\" height=\"150\" src=\"http:\/\/julusesgabor.hu\/wp-content\/uploads\/Esl\u0151-sz\u00ednh\u00e1z-150x150.jpg\" class=\"attachment-thumbnail size-thumbnail\" alt=\"\" loading=\"lazy\" aria-describedby=\"gallery-1-136\" \/><\/a>\n\t\t\t<\/div>\n\t\t\t\t<figcaption class='wp-caption-text gallery-caption' id='gallery-1-136'>\n\t\t\t\tEls\u0151 sz\u00ednh\u00e1z\n\t\t\t\t<\/figcaption><\/figure><figure class='gallery-item'>\n\t\t\t<div class='gallery-icon portrait'>\n\t\t\t\t<a href='http:\/\/julusesgabor.hu\/wp-content\/uploads\/Els\u0151-Balatonaliga-e1425482115964.jpg'><img width=\"150\" height=\"150\" src=\"http:\/\/julusesgabor.hu\/wp-content\/uploads\/Els\u0151-Balatonaliga-e1425482115964-150x150.jpg\" class=\"attachment-thumbnail size-thumbnail\" alt=\"\" loading=\"lazy\" aria-describedby=\"gallery-1-139\" \/><\/a>\n\t\t\t<\/div>\n\t\t\t\t<figcaption class='wp-caption-text gallery-caption' id='gallery-1-139'>\n\t\t\t\tEls\u0151 Balatonaliga\n\t\t\t\t<\/figcaption><\/figure><figure class='gallery-item'>\n\t\t\t<div class='gallery-icon portrait'>\n\t\t\t\t<a href='http:\/\/julusesgabor.hu\/wp-content\/uploads\/Els\u0151-diplomaoszt\u00f3-e1425482108594.jpg'><img width=\"150\" height=\"150\" src=\"http:\/\/julusesgabor.hu\/wp-content\/uploads\/Els\u0151-diplomaoszt\u00f3-e1425482108594-150x150.jpg\" class=\"attachment-thumbnail size-thumbnail\" alt=\"\" loading=\"lazy\" aria-describedby=\"gallery-1-140\" \/><\/a>\n\t\t\t<\/div>\n\t\t\t\t<figcaption class='wp-caption-text gallery-caption' id='gallery-1-140'>\n\t\t\t\tEls\u0151 diplomaoszt\u00f3\n\t\t\t\t<\/figcaption><\/figure><figure class='gallery-item'>\n\t\t\t<div class='gallery-icon portrait'>\n\t\t\t\t<a href='http:\/\/julusesgabor.hu\/wp-content\/uploads\/Els\u0151-\u00e9vfordul\u00f3-e1425482086143.jpg'><img width=\"150\" height=\"150\" src=\"http:\/\/julusesgabor.hu\/wp-content\/uploads\/Els\u0151-\u00e9vfordul\u00f3-e1425482086143-150x150.jpg\" class=\"attachment-thumbnail size-thumbnail\" alt=\"\" loading=\"lazy\" aria-describedby=\"gallery-1-141\" \/><\/a>\n\t\t\t<\/div>\n\t\t\t\t<figcaption class='wp-caption-text gallery-caption' id='gallery-1-141'>\n\t\t\t\tEls\u0151 \u00e9vfordul\u00f3\n\t\t\t\t<\/figcaption><\/figure><figure class='gallery-item'>\n\t\t\t<div class='gallery-icon landscape'>\n\t\t\t\t<a href='http:\/\/julusesgabor.hu\/wp-content\/uploads\/Els\u0151-igazi-koncert.jpg'><img width=\"150\" height=\"150\" src=\"http:\/\/julusesgabor.hu\/wp-content\/uploads\/Els\u0151-igazi-koncert-150x150.jpg\" class=\"attachment-thumbnail size-thumbnail\" alt=\"\" loading=\"lazy\" aria-describedby=\"gallery-1-142\" \/><\/a>\n\t\t\t<\/div>\n\t\t\t\t<figcaption class='wp-caption-text gallery-caption' id='gallery-1-142'>\n\t\t\t\tEls\u0151 igazi koncert\n\t\t\t\t<\/figcaption><\/figure><figure class='gallery-item'>\n\t\t\t<div class='gallery-icon landscape'>\n\t\t\t\t<a href='http:\/\/julusesgabor.hu\/wp-content\/uploads\/Els\u0151-kar\u00e1csony.jpg'><img width=\"150\" height=\"150\" src=\"http:\/\/julusesgabor.hu\/wp-content\/uploads\/Els\u0151-kar\u00e1csony-150x150.jpg\" class=\"attachment-thumbnail size-thumbnail\" alt=\"\" loading=\"lazy\" aria-describedby=\"gallery-1-131\" \/><\/a>\n\t\t\t<\/div>\n\t\t\t\t<figcaption class='wp-caption-text gallery-caption' id='gallery-1-131'>\n\t\t\t\tEls\u0151 Kar\u00e1csony\n\t\t\t\t<\/figcaption><\/figure><figure class='gallery-item'>\n\t\t\t<div class='gallery-icon landscape'>\n\t\t\t\t<a href='http:\/\/julusesgabor.hu\/wp-content\/uploads\/Elso-foci-majalis.jpg'><img width=\"150\" height=\"150\" src=\"http:\/\/julusesgabor.hu\/wp-content\/uploads\/Elso-foci-majalis-150x150.jpg\" class=\"attachment-thumbnail size-thumbnail\" alt=\"\" loading=\"lazy\" aria-describedby=\"gallery-1-143\" \/><\/a>\n\t\t\t<\/div>\n\t\t\t\t<figcaption class='wp-caption-text gallery-caption' id='gallery-1-143'>\n\t\t\t\tEls\u0151 foci maj\u00e1lis\n\t\t\t\t<\/figcaption><\/figure>\n\t\t<\/div>\n\n<p style=\"text-align: center;\"><a href=\"http:\/\/julusesgabor.hu\/?page_id=147\">Egy\u00fctt m\u00f3ka \u00e9s kacag\u00e1s az \u00e9let &#8230;\u00a0<\/a><\/p>\n","protected":false},"excerpt":{"rendered":"<p>Egy\u00fctt m\u00f3ka \u00e9s kacag\u00e1s az \u00e9let &#8230;\u00a0<\/p>\n","protected":false},"author":1,"featured_media":0,"parent":2,"menu_order":1,"comment_status":"closed","ping_status":"closed","template":"","meta":[],"_links":{"self":[{"href":"http:\/\/julusesgabor.hu\/index.php?rest_route=\/wp\/v2\/pages\/116"}],"collection":[{"href":"http:\/\/julusesgabor.hu\/index.php?rest_route=\/wp\/v2\/pages"}],"about":[{"href":"http:\/\/julusesgabor.hu\/index.php?rest_route=\/wp\/v2\/types\/page"}],"author":[{"embeddable":true,"href":"http:\/\/julusesgabor.hu\/index.php?rest_route=\/wp\/v2\/users\/1"}],"replies":[{"embeddable":true,"href":"http:\/\/julusesgabor.hu\/index.php?rest_route=%2Fwp%2Fv2%2Fcomments&post=116"}],"version-history":[{"count":11,"href":"http:\/\/julusesgabor.hu\/index.php?rest_route=\/wp\/v2\/pages\/116\/revisions"}],"predecessor-version":[{"id":206,"href":"http:\/\/julusesgabor.hu\/index.php?rest_route=\/wp\/v2\/pages\/116\/revisions\/206"}],"up":[{"embeddable":true,"href":"http:\/\/julusesgabor.hu\/index.php?rest_route=\/wp\/v2\/pages\/2"}],"wp:attachment":[{"href":"http:\/\/julusesgabor.hu\/index.php?rest_route=%2Fwp%2Fv2%2Fmedia&parent=116"}],"curies":[{"name":"wp","href":"https:\/\/api.w.org\/{rel}","templated":true}]}}