{"id":147,"date":"2015-03-04T15:35:27","date_gmt":"2015-03-04T15:35:27","guid":{"rendered":"http:\/\/julusesgabor.hu\/?page_id=147"},"modified":"2015-03-05T11:59:05","modified_gmt":"2015-03-05T11:59:05","slug":"egyutt-moka-es-kacagas-az-elet","status":"publish","type":"page","link":"http:\/\/julusesgabor.hu\/?page_id=147","title":{"rendered":"Egy\u00fctt m\u00f3ka \u00e9s kacag\u00e1s &#8230;"},"content":{"rendered":"<div id='gallery-1' class='gallery galleryid-147 gallery-columns-3 gallery-size-thumbnail'><figure class='gallery-item'>\n\t\t\t<div class='gallery-icon landscape'>\n\t\t\t\t<a href='http:\/\/julusesgabor.hu\/wp-content\/uploads\/az-eskuvo-helyszine.jpg'><img width=\"150\" height=\"150\" src=\"http:\/\/julusesgabor.hu\/wp-content\/uploads\/az-eskuvo-helyszine-150x150.jpg\" class=\"attachment-thumbnail size-thumbnail\" alt=\"\" loading=\"lazy\" aria-describedby=\"gallery-1-148\" \/><\/a>\n\t\t\t<\/div>\n\t\t\t\t<figcaption class='wp-caption-text gallery-caption' id='gallery-1-148'>\n\t\t\t\tItt lesz az esk\u00fcv\u0151nk\n\t\t\t\t<\/figcaption><\/figure><figure class='gallery-item'>\n\t\t\t<div class='gallery-icon landscape'>\n\t\t\t\t<a href='http:\/\/julusesgabor.hu\/wp-content\/uploads\/Bazilika.jpg'><img width=\"150\" height=\"150\" src=\"http:\/\/julusesgabor.hu\/wp-content\/uploads\/Bazilika-150x150.jpg\" class=\"attachment-thumbnail size-thumbnail\" alt=\"\" loading=\"lazy\" aria-describedby=\"gallery-1-149\" \/><\/a>\n\t\t\t<\/div>\n\t\t\t\t<figcaption class='wp-caption-text gallery-caption' id='gallery-1-149'>\n\t\t\t\tBazilik\u00e1n\u00e1l\n\t\t\t\t<\/figcaption><\/figure><figure class='gallery-item'>\n\t\t\t<div class='gallery-icon landscape'>\n\t\t\t\t<a href='http:\/\/julusesgabor.hu\/wp-content\/uploads\/Buli.jpg'><img width=\"150\" height=\"150\" src=\"http:\/\/julusesgabor.hu\/wp-content\/uploads\/Buli-150x150.jpg\" class=\"attachment-thumbnail size-thumbnail\" alt=\"\" loading=\"lazy\" aria-describedby=\"gallery-1-150\" \/><\/a>\n\t\t\t<\/div>\n\t\t\t\t<figcaption class='wp-caption-text gallery-caption' id='gallery-1-150'>\n\t\t\t\tParty\n\t\t\t\t<\/figcaption><\/figure><figure class='gallery-item'>\n\t\t\t<div class='gallery-icon landscape'>\n\t\t\t\t<a href='http:\/\/julusesgabor.hu\/wp-content\/uploads\/Edina-eskuvo.jpg'><img width=\"150\" height=\"150\" src=\"http:\/\/julusesgabor.hu\/wp-content\/uploads\/Edina-eskuvo-150x150.jpg\" class=\"attachment-thumbnail size-thumbnail\" alt=\"\" loading=\"lazy\" aria-describedby=\"gallery-1-151\" \/><\/a>\n\t\t\t<\/div>\n\t\t\t\t<figcaption class='wp-caption-text gallery-caption' id='gallery-1-151'>\n\t\t\t\tEdina esk\u00fcv\u0151j\u00e9n\n\t\t\t\t<\/figcaption><\/figure><figure class='gallery-item'>\n\t\t\t<div class='gallery-icon landscape'>\n\t\t\t\t<a href='http:\/\/julusesgabor.hu\/wp-content\/uploads\/erd-koncert.jpg'><img width=\"150\" height=\"150\" src=\"http:\/\/julusesgabor.hu\/wp-content\/uploads\/erd-koncert-150x150.jpg\" class=\"attachment-thumbnail size-thumbnail\" alt=\"\" loading=\"lazy\" aria-describedby=\"gallery-1-152\" \/><\/a>\n\t\t\t<\/div>\n\t\t\t\t<figcaption class='wp-caption-text gallery-caption' id='gallery-1-152'>\n\t\t\t\t\u00c9rdi koncerten\n\t\t\t\t<\/figcaption><\/figure><figure class='gallery-item'>\n\t\t\t<div class='gallery-icon portrait'>\n\t\t\t\t<a href='http:\/\/julusesgabor.hu\/wp-content\/uploads\/evfordulo.jpg'><img width=\"150\" height=\"150\" src=\"http:\/\/julusesgabor.hu\/wp-content\/uploads\/evfordulo-150x150.jpg\" class=\"attachment-thumbnail size-thumbnail\" alt=\"\" loading=\"lazy\" aria-describedby=\"gallery-1-153\" \/><\/a>\n\t\t\t<\/div>\n\t\t\t\t<figcaption class='wp-caption-text gallery-caption' id='gallery-1-153'>\n\t\t\t\t\u00c9vfordul\u00f3nk a sokb\u00f3l\n\t\t\t\t<\/figcaption><\/figure><figure class='gallery-item'>\n\t\t\t<div class='gallery-icon portrait'>\n\t\t\t\t<a href='http:\/\/julusesgabor.hu\/wp-content\/uploads\/Halloween.jpg'><img width=\"150\" height=\"150\" src=\"http:\/\/julusesgabor.hu\/wp-content\/uploads\/Halloween-150x150.jpg\" class=\"attachment-thumbnail size-thumbnail\" alt=\"\" loading=\"lazy\" aria-describedby=\"gallery-1-154\" \/><\/a>\n\t\t\t<\/div>\n\t\t\t\t<figcaption class='wp-caption-text gallery-caption' id='gallery-1-154'>\n\t\t\t\tHalloween Vikin\u00e9l\n\t\t\t\t<\/figcaption><\/figure><figure class='gallery-item'>\n\t\t\t<div class='gallery-icon landscape'>\n\t\t\t\t<a href='http:\/\/julusesgabor.hu\/wp-content\/uploads\/Halloween2.jpg'><img width=\"150\" height=\"150\" src=\"http:\/\/julusesgabor.hu\/wp-content\/uploads\/Halloween2-150x150.jpg\" class=\"attachment-thumbnail size-thumbnail\" alt=\"\" loading=\"lazy\" aria-describedby=\"gallery-1-155\" \/><\/a>\n\t\t\t<\/div>\n\t\t\t\t<figcaption class='wp-caption-text gallery-caption' id='gallery-1-155'>\n\t\t\t\tHalloween egy \u00e9vvel k\u00e9s\u0151bb\n\t\t\t\t<\/figcaption><\/figure><figure class='gallery-item'>\n\t\t\t<div class='gallery-icon portrait'>\n\t\t\t\t<a href='http:\/\/julusesgabor.hu\/wp-content\/uploads\/Isti-eskuvo.jpg'><img width=\"150\" height=\"150\" src=\"http:\/\/julusesgabor.hu\/wp-content\/uploads\/Isti-eskuvo-150x150.jpg\" class=\"attachment-thumbnail size-thumbnail\" alt=\"\" loading=\"lazy\" aria-describedby=\"gallery-1-156\" \/><\/a>\n\t\t\t<\/div>\n\t\t\t\t<figcaption class='wp-caption-text gallery-caption' id='gallery-1-156'>\n\t\t\t\tIsti esk\u00fcv\u0151j\u00e9n\n\t\t\t\t<\/figcaption><\/figure><figure class='gallery-item'>\n\t\t\t<div class='gallery-icon portrait'>\n\t\t\t\t<a href='http:\/\/julusesgabor.hu\/wp-content\/uploads\/martonban-e1425482969390.jpg'><img width=\"150\" height=\"150\" src=\"http:\/\/julusesgabor.hu\/wp-content\/uploads\/martonban-e1425482969390-150x150.jpg\" class=\"attachment-thumbnail size-thumbnail\" alt=\"\" loading=\"lazy\" aria-describedby=\"gallery-1-157\" \/><\/a>\n\t\t\t<\/div>\n\t\t\t\t<figcaption class='wp-caption-text gallery-caption' id='gallery-1-157'>\n\t\t\t\tMartonban\n\t\t\t\t<\/figcaption><\/figure><figure class='gallery-item'>\n\t\t\t<div class='gallery-icon landscape'>\n\t\t\t\t<a href='http:\/\/julusesgabor.hu\/wp-content\/uploads\/nepstadion.jpg'><img width=\"150\" height=\"150\" src=\"http:\/\/julusesgabor.hu\/wp-content\/uploads\/nepstadion-150x150.jpg\" class=\"attachment-thumbnail size-thumbnail\" alt=\"\" loading=\"lazy\" aria-describedby=\"gallery-1-158\" \/><\/a>\n\t\t\t<\/div>\n\t\t\t\t<figcaption class='wp-caption-text gallery-caption' id='gallery-1-158'>\n\t\t\t\tN\u00e9pstadionban\n\t\t\t\t<\/figcaption><\/figure><figure class='gallery-item'>\n\t\t\t<div class='gallery-icon portrait'>\n\t\t\t\t<a href='http:\/\/julusesgabor.hu\/wp-content\/uploads\/otthon.jpg'><img width=\"150\" height=\"150\" src=\"http:\/\/julusesgabor.hu\/wp-content\/uploads\/otthon-150x150.jpg\" class=\"attachment-thumbnail size-thumbnail\" alt=\"\" loading=\"lazy\" aria-describedby=\"gallery-1-159\" \/><\/a>\n\t\t\t<\/div>\n\t\t\t\t<figcaption class='wp-caption-text gallery-caption' id='gallery-1-159'>\n\t\t\t\tOtthoni idill\n\t\t\t\t<\/figcaption><\/figure><figure class='gallery-item'>\n\t\t\t<div class='gallery-icon landscape'>\n\t\t\t\t<a href='http:\/\/julusesgabor.hu\/wp-content\/uploads\/otthon2.jpg'><img width=\"150\" height=\"150\" src=\"http:\/\/julusesgabor.hu\/wp-content\/uploads\/otthon2-150x150.jpg\" class=\"attachment-thumbnail size-thumbnail\" alt=\"\" loading=\"lazy\" aria-describedby=\"gallery-1-160\" \/><\/a>\n\t\t\t<\/div>\n\t\t\t\t<figcaption class='wp-caption-text gallery-caption' id='gallery-1-160'>\n\t\t\t\tOtthoni mosoly\n\t\t\t\t<\/figcaption><\/figure><figure class='gallery-item'>\n\t\t\t<div class='gallery-icon portrait'>\n\t\t\t\t<a href='http:\/\/julusesgabor.hu\/wp-content\/uploads\/otthon3-e1425483253567.jpg'><img width=\"150\" height=\"150\" src=\"http:\/\/julusesgabor.hu\/wp-content\/uploads\/otthon3-e1425483253567-150x150.jpg\" class=\"attachment-thumbnail size-thumbnail\" alt=\"\" loading=\"lazy\" aria-describedby=\"gallery-1-161\" \/><\/a>\n\t\t\t<\/div>\n\t\t\t\t<figcaption class='wp-caption-text gallery-caption' id='gallery-1-161'>\n\t\t\t\tOtthoni cs\u00f3k\n\t\t\t\t<\/figcaption><\/figure><figure class='gallery-item'>\n\t\t\t<div class='gallery-icon portrait'>\n\t\t\t\t<a href='http:\/\/julusesgabor.hu\/wp-content\/uploads\/Retro-buli-e1425482946678.jpg'><img width=\"150\" height=\"150\" src=\"http:\/\/julusesgabor.hu\/wp-content\/uploads\/Retro-buli-e1425482946678-150x150.jpg\" class=\"attachment-thumbnail size-thumbnail\" alt=\"\" loading=\"lazy\" aria-describedby=\"gallery-1-162\" \/><\/a>\n\t\t\t<\/div>\n\t\t\t\t<figcaption class='wp-caption-text gallery-caption' id='gallery-1-162'>\n\t\t\t\tRetro buliban\n\t\t\t\t<\/figcaption><\/figure><figure class='gallery-item'>\n\t\t\t<div class='gallery-icon landscape'>\n\t\t\t\t<a href='http:\/\/julusesgabor.hu\/wp-content\/uploads\/Rocktogon.jpg'><img width=\"150\" height=\"150\" src=\"http:\/\/julusesgabor.hu\/wp-content\/uploads\/Rocktogon-150x150.jpg\" class=\"attachment-thumbnail size-thumbnail\" alt=\"\" loading=\"lazy\" aria-describedby=\"gallery-1-163\" \/><\/a>\n\t\t\t<\/div>\n\t\t\t\t<figcaption class='wp-caption-text gallery-caption' id='gallery-1-163'>\n\t\t\t\tRocktogonban\n\t\t\t\t<\/figcaption><\/figure><figure class='gallery-item'>\n\t\t\t<div class='gallery-icon landscape'>\n\t\t\t\t<a href='http:\/\/julusesgabor.hu\/wp-content\/uploads\/var.jpg'><img width=\"150\" height=\"150\" src=\"http:\/\/julusesgabor.hu\/wp-content\/uploads\/var-150x150.jpg\" class=\"attachment-thumbnail size-thumbnail\" alt=\"\" loading=\"lazy\" aria-describedby=\"gallery-1-164\" \/><\/a>\n\t\t\t<\/div>\n\t\t\t\t<figcaption class='wp-caption-text gallery-caption' id='gallery-1-164'>\n\t\t\t\tV\u00e1ras szelfi\n\t\t\t\t<\/figcaption><\/figure><figure class='gallery-item'>\n\t\t\t<div class='gallery-icon landscape'>\n\t\t\t\t<a href='http:\/\/julusesgabor.hu\/wp-content\/uploads\/vonaton-e1425482956212.jpg'><img width=\"150\" height=\"150\" src=\"http:\/\/julusesgabor.hu\/wp-content\/uploads\/vonaton-e1425482956212-150x150.jpg\" class=\"attachment-thumbnail size-thumbnail\" alt=\"\" loading=\"lazy\" aria-describedby=\"gallery-1-165\" \/><\/a>\n\t\t\t<\/div>\n\t\t\t\t<figcaption class='wp-caption-text gallery-caption' id='gallery-1-165'>\n\t\t\t\t\u00dcl\u00fcnk a vonaton\n\t\t\t\t<\/figcaption><\/figure><figure class='gallery-item'>\n\t\t\t<div class='gallery-icon portrait'>\n\t\t\t\t<a href='http:\/\/julusesgabor.hu\/wp-content\/uploads\/eljegyzes.jpg'><img width=\"150\" height=\"150\" src=\"http:\/\/julusesgabor.hu\/wp-content\/uploads\/eljegyzes-150x150.jpg\" class=\"attachment-thumbnail size-thumbnail\" alt=\"\" loading=\"lazy\" aria-describedby=\"gallery-1-166\" \/><\/a>\n\t\t\t<\/div>\n\t\t\t\t<figcaption class='wp-caption-text gallery-caption' id='gallery-1-166'>\n\t\t\t\tELJEGYZ\u00c9S\n\t\t\t\t<\/figcaption><\/figure>\n\t\t<\/div>\n\n<p style=\"text-align: center;\"><a href=\"http:\/\/julusesgabor.hu\/?page_id=187\">Egy\u00fctt j\u00e1rjuk a vil\u00e1got &#8230;<\/a><\/p>\n","protected":false},"excerpt":{"rendered":"<p>Egy\u00fctt j\u00e1rjuk a vil\u00e1got &#8230;<\/p>\n","protected":false},"author":1,"featured_media":0,"parent":2,"menu_order":0,"comment_status":"closed","ping_status":"closed","template":"","meta":[],"_links":{"self":[{"href":"http:\/\/julusesgabor.hu\/index.php?rest_route=\/wp\/v2\/pages\/147"}],"collection":[{"href":"http:\/\/julusesgabor.hu\/index.php?rest_route=\/wp\/v2\/pages"}],"about":[{"href":"http:\/\/julusesgabor.hu\/index.php?rest_route=\/wp\/v2\/types\/page"}],"author":[{"embeddable":true,"href":"http:\/\/julusesgabor.hu\/index.php?rest_route=\/wp\/v2\/users\/1"}],"replies":[{"embeddable":true,"href":"http:\/\/julusesgabor.hu\/index.php?rest_route=%2Fwp%2Fv2%2Fcomments&post=147"}],"version-history":[{"count":5,"href":"http:\/\/julusesgabor.hu\/index.php?rest_route=\/wp\/v2\/pages\/147\/revisions"}],"predecessor-version":[{"id":207,"href":"http:\/\/julusesgabor.hu\/index.php?rest_route=\/wp\/v2\/pages\/147\/revisions\/207"}],"up":[{"embeddable":true,"href":"http:\/\/julusesgabor.hu\/index.php?rest_route=\/wp\/v2\/pages\/2"}],"wp:attachment":[{"href":"http:\/\/julusesgabor.hu\/index.php?rest_route=%2Fwp%2Fv2%2Fmedia&parent=147"}],"curies":[{"name":"wp","href":"https:\/\/api.w.org\/{rel}","templated":true}]}}