{"id":194,"date":"2015-03-05T11:46:01","date_gmt":"2015-03-05T11:46:01","guid":{"rendered":"http:\/\/julusesgabor.hu\/?page_id=194"},"modified":"2015-03-05T11:56:47","modified_gmt":"2015-03-05T11:56:47","slug":"minden-igy-kezdodott","status":"publish","type":"page","link":"http:\/\/julusesgabor.hu\/?page_id=194","title":{"rendered":""},"content":{"rendered":"<p style=\"text-align: center;\"><a href=\"http:\/\/julusesgabor.hu\/wp-content\/uploads\/N\u00e9vtelen-1.jpg\"><img loading=\"lazy\" class=\"alignnone size-full wp-image-198\" src=\"http:\/\/julusesgabor.hu\/wp-content\/uploads\/N\u00e9vtelen-1.jpg\" alt=\"julusesgabor\" width=\"3053\" height=\"1934\" srcset=\"http:\/\/julusesgabor.hu\/wp-content\/uploads\/N\u00e9vtelen-1.jpg 3053w, http:\/\/julusesgabor.hu\/wp-content\/uploads\/N\u00e9vtelen-1-300x190.jpg 300w, http:\/\/julusesgabor.hu\/wp-content\/uploads\/N\u00e9vtelen-1-1024x649.jpg 1024w\" sizes=\"(max-width: 3053px) 100vw, 3053px\" \/><\/a>&#8230; \u00e9s most szeretn\u00e9nk, ha vel\u00fcnk tartan\u00e1l az esk\u00fcv\u0151nkre:<\/p>\n<p style=\"text-align: center;\"><a href=\"http:\/\/julusesgabor.hu\/meghivo\" target=\"_blank\">MEGH\u00cdV\u00d3<\/a><\/p>\n","protected":false},"excerpt":{"rendered":"<p>&#8230; \u00e9s most szeretn\u00e9nk, ha vel\u00fcnk tartan\u00e1l az esk\u00fcv\u0151nkre: MEGH\u00cdV\u00d3<\/p>\n","protected":false},"author":1,"featured_media":0,"parent":2,"menu_order":0,"comment_status":"closed","ping_status":"closed","template":"","meta":[],"_links":{"self":[{"href":"http:\/\/julusesgabor.hu\/index.php?rest_route=\/wp\/v2\/pages\/194"}],"collection":[{"href":"http:\/\/julusesgabor.hu\/index.php?rest_route=\/wp\/v2\/pages"}],"about":[{"href":"http:\/\/julusesgabor.hu\/index.php?rest_route=\/wp\/v2\/types\/page"}],"author":[{"embeddable":true,"href":"http:\/\/julusesgabor.hu\/index.php?rest_route=\/wp\/v2\/users\/1"}],"replies":[{"embeddable":true,"href":"http:\/\/julusesgabor.hu\/index.php?rest_route=%2Fwp%2Fv2%2Fcomments&post=194"}],"version-history":[{"count":5,"href":"http:\/\/julusesgabor.hu\/index.php?rest_route=\/wp\/v2\/pages\/194\/revisions"}],"predecessor-version":[{"id":203,"href":"http:\/\/julusesgabor.hu\/index.php?rest_route=\/wp\/v2\/pages\/194\/revisions\/203"}],"up":[{"embeddable":true,"href":"http:\/\/julusesgabor.hu\/index.php?rest_route=\/wp\/v2\/pages\/2"}],"wp:attachment":[{"href":"http:\/\/julusesgabor.hu\/index.php?rest_route=%2Fwp%2Fv2%2Fmedia&parent=194"}],"curies":[{"name":"wp","href":"https:\/\/api.w.org\/{rel}","templated":true}]}}