{"id":2,"date":"2015-01-28T11:56:56","date_gmt":"2015-01-28T11:56:56","guid":{"rendered":"http:\/\/julusesgabor.hu\/?page_id=2"},"modified":"2015-03-05T11:35:39","modified_gmt":"2015-03-05T11:35:39","slug":"elozmenyek","status":"publish","type":"page","link":"https:\/\/julusesgabor.hu\/","title":{"rendered":"Minden \u00edgy kezd\u0151d\u00f6tt &#8230;"},"content":{"rendered":"<p><a href=\"http:\/\/julusesgabor.hu\/?page_id=116\" target=\"_blank\"><img loading=\"lazy\" class=\"alignnone size-full wp-image-15\" src=\"http:\/\/julusesgabor.hu\/wp-content\/uploads\/2015\/01\/10641170_10203618503655085_1658458707441996878_n.jpg\" alt=\"10641170_10203618503655085_1658458707441996878_n\" width=\"960\" height=\"631\" srcset=\"https:\/\/julusesgabor.hu\/wp-content\/uploads\/2015\/01\/10641170_10203618503655085_1658458707441996878_n.jpg 960w, https:\/\/julusesgabor.hu\/wp-content\/uploads\/2015\/01\/10641170_10203618503655085_1658458707441996878_n-300x197.jpg 300w\" sizes=\"(max-width: 960px) 100vw, 960px\" \/><\/a><\/p>\n<p style=\"text-align: center;\">\n<p>&nbsp;<\/p>\n","protected":false},"excerpt":{"rendered":"<p>&nbsp;<\/p>\n","protected":false},"author":1,"featured_media":0,"parent":0,"menu_order":1,"comment_status":"closed","ping_status":"closed","template":"","meta":[],"_links":{"self":[{"href":"https:\/\/julusesgabor.hu\/index.php?rest_route=\/wp\/v2\/pages\/2"}],"collection":[{"href":"https:\/\/julusesgabor.hu\/index.php?rest_route=\/wp\/v2\/pages"}],"about":[{"href":"https:\/\/julusesgabor.hu\/index.php?rest_route=\/wp\/v2\/types\/page"}],"author":[{"embeddable":true,"href":"https:\/\/julusesgabor.hu\/index.php?rest_route=\/wp\/v2\/users\/1"}],"replies":[{"embeddable":true,"href":"https:\/\/julusesgabor.hu\/index.php?rest_route=%2Fwp%2Fv2%2Fcomments&post=2"}],"version-history":[{"count":20,"href":"https:\/\/julusesgabor.hu\/index.php?rest_route=\/wp\/v2\/pages\/2\/revisions"}],"predecessor-version":[{"id":193,"href":"https:\/\/julusesgabor.hu\/index.php?rest_route=\/wp\/v2\/pages\/2\/revisions\/193"}],"wp:attachment":[{"href":"https:\/\/julusesgabor.hu\/index.php?rest_route=%2Fwp%2Fv2%2Fmedia&parent=2"}],"curies":[{"name":"wp","href":"https:\/\/api.w.org\/{rel}","templated":true}]}}